{"id":819,"date":"2023-08-07T11:40:28","date_gmt":"2023-08-07T09:40:28","guid":{"rendered":"https:\/\/eljardindecastillo.com\/aviso-legal\/"},"modified":"2023-08-28T21:51:00","modified_gmt":"2023-08-28T19:51:00","slug":"legal-notice","status":"publish","type":"page","link":"https:\/\/eljardindecastillo.com\/en\/legal-notice\/","title":{"rendered":"Legal Notice"},"content":{"rendered":"\t\t<div data-elementor-type=\"wp-page\" data-elementor-id=\"819\" class=\"elementor elementor-819 elementor-33\" data-elementor-post-type=\"page\">\n\t\t\t\t\t\t\t\t\t<section class=\"elementor-section elementor-top-section elementor-element elementor-element-8d31a2f elementor-section-boxed elementor-section-height-default elementor-section-height-default\" data-id=\"8d31a2f\" data-element_type=\"section\">\n\t\t\t\t\t\t<div class=\"elementor-container elementor-column-gap-default\">\n\t\t\t\t\t<div class=\"elementor-column elementor-col-100 elementor-top-column elementor-element elementor-element-67d0186\" data-id=\"67d0186\" data-element_type=\"column\">\n\t\t\t<div class=\"elementor-widget-wrap elementor-element-populated\">\n\t\t\t\t\t\t\t\t<div class=\"elementor-element elementor-element-ac33968 elementor-widget elementor-widget-text-editor\" data-id=\"ac33968\" data-element_type=\"widget\" data-widget_type=\"text-editor.default\">\n\t\t\t\t<div class=\"elementor-widget-container\">\n\t\t\t\t\t\t\t<p>This Legal Notice establishes the terms and conditions for the use and access to the El Jard\u00edn de Castillo website. By accessing and using our website, you agree to comply with the terms and conditions set forth in this notice.<br \/><br \/><strong>1. General Information<\/strong><\/p><p>The El Jard\u00edn de Castillo website is owned and operated by Alquiler Vacacional, Turismo e Innovaci\u00f3n Social, Sociedad Cooperativa Andaluza. Our main address is calle San Jos\u00e9 n\u00ba25 bajo, 11003 C\u00e1diz. For any inquiries or requests for information, you can contact us at info@alquiler-vacacional.es.<br \/><br \/><strong>2. Intellectual Property<\/strong><\/p><p>All intellectual property rights to the content and materials present on our website, including but not limited to, text, images, graphics, logos, videos, audios, and software, are protected by intellectual property laws and are the exclusive property of El Jard\u00edn de Castillo or the third parties who have granted us the corresponding rights. Any reproduction, distribution, modification, display, or unauthorized use of such materials is strictly prohibited without our prior written consent.<br \/><br \/><strong>3. Use of the Website<\/strong><\/p><p>The use of our website is governed by the following guidelines:<\/p><p>a) Do not use our website in a way that infringes or violates the rights of third parties.<br \/>b) Do not engage in activities that may damage, overload, or negatively affect the functionality of our website.<br \/>c) Do not attempt to access restricted or unauthorized areas of our website.<br \/>d) Do not use our website for illegal or unauthorized purposes.<br \/>e) Do not transmit viruses, malware, or other harmful programs through our website.<br \/><br \/><strong>4. Disclaimer<\/strong><\/p><p>We strive to maintain the accuracy and timeliness of the information on our website, but we do not guarantee its completeness or accuracy. The use of the website is at your own risk. We will not be liable for any direct, indirect, incidental, or consequential damages arising from the use of our website.<br \/><br \/><strong>5. Third-Party Links<\/strong><\/p><p>Our website may contain links to third-party websites. These links are provided solely for your convenience. We have no control over the content of these third-party websites and assume no responsibility for them.<br \/><br \/><strong>6. Data Protection<\/strong><\/p><p>The collection and use of personal data on our website are subject to our Privacy Policy. We recommend reviewing this policy to understand how we treat your personal data.<br \/><br \/><strong>7. Applicable Law and Jurisdiction<\/strong><\/p><p>This Legal Notice shall be governed and interpreted in accordance with the laws of Spain. Any dispute arising in connection with this notice shall be subject to the exclusive jurisdiction of the competent courts in C\u00e1diz, Spain.<\/p><p>If you have any questions or concerns about our Legal Notice, please do not hesitate to contact us. We will be happy to assist you.<\/p>\t\t\t\t\t\t<\/div>\n\t\t\t\t<\/div>\n\t\t\t\t\t<\/div>\n\t\t<\/div>\n\t\t\t\t\t\t\t<\/div>\n\t\t<\/section>\n\t\t\t\t\t\t\t<\/div>\n\t\t","protected":false},"excerpt":{"rendered":"<p>This Legal Notice establishes the terms and conditions for the use and access to the El Jard\u00edn de Castillo website. By accessing and using our website, you agree to comply with the terms and conditions set forth in this notice. 1. General Information The El Jard\u00edn de Castillo website is owned and operated by Alquiler&hellip;<\/p>\n","protected":false},"author":1,"featured_media":0,"parent":0,"menu_order":0,"comment_status":"closed","ping_status":"closed","template":"","meta":{"inline_featured_image":false,"footnotes":""},"yoast_head":"<!-- This site is optimized with the Yoast SEO plugin v21.7 - https:\/\/yoast.com\/wordpress\/plugins\/seo\/ -->\n<title>Legal Notice - El Jard\u00edn de Castillo<\/title>\n<meta name=\"robots\" content=\"index, follow, max-snippet:-1, max-image-preview:large, max-video-preview:-1\" \/>\n<link rel=\"canonical\" href=\"https:\/\/eljardindecastillo.com\/aviso-legal\/\" \/>\n<meta property=\"og:locale\" content=\"en_US\" \/>\n<meta property=\"og:type\" content=\"article\" \/>\n<meta property=\"og:title\" content=\"Legal Notice - El Jard\u00edn de Castillo\" \/>\n<meta property=\"og:description\" content=\"This Legal Notice establishes the terms and conditions for the use and access to the El Jard\u00edn de Castillo website. By accessing and using our website, you agree to comply with the terms and conditions set forth in this notice. 1. General Information The El Jard\u00edn de Castillo website is owned and operated by Alquiler&hellip;\" \/>\n<meta property=\"og:url\" content=\"https:\/\/eljardindecastillo.com\/aviso-legal\/\" \/>\n<meta property=\"og:site_name\" content=\"El Jard\u00edn de Castillo\" \/>\n<meta property=\"article:publisher\" content=\"https:\/\/www.facebook.com\/\" \/>\n<meta property=\"article:modified_time\" content=\"2023-08-28T19:51:00+00:00\" \/>\n<meta name=\"twitter:card\" content=\"summary_large_image\" \/>\n<meta name=\"twitter:label1\" content=\"Est. reading time\" \/>\n\t<meta name=\"twitter:data1\" content=\"2 minutes\" \/>\n<script type=\"application\/ld+json\" class=\"yoast-schema-graph\">{\"@context\":\"https:\/\/schema.org\",\"@graph\":[{\"@type\":\"WebPage\",\"@id\":\"https:\/\/eljardindecastillo.com\/aviso-legal\/\",\"url\":\"https:\/\/eljardindecastillo.com\/aviso-legal\/\",\"name\":\"Legal Notice - El Jard\u00edn de Castillo\",\"isPartOf\":{\"@id\":\"https:\/\/eljardindecastillo.com\/#website\"},\"datePublished\":\"2023-08-07T09:40:28+00:00\",\"dateModified\":\"2023-08-28T19:51:00+00:00\",\"breadcrumb\":{\"@id\":\"https:\/\/eljardindecastillo.com\/aviso-legal\/#breadcrumb\"},\"inLanguage\":\"en-US\",\"potentialAction\":[{\"@type\":\"ReadAction\",\"target\":[\"https:\/\/eljardindecastillo.com\/aviso-legal\/\"]}]},{\"@type\":\"BreadcrumbList\",\"@id\":\"https:\/\/eljardindecastillo.com\/aviso-legal\/#breadcrumb\",\"itemListElement\":[{\"@type\":\"ListItem\",\"position\":1,\"name\":\"Portada\",\"item\":\"https:\/\/eljardindecastillo.com\/\"},{\"@type\":\"ListItem\",\"position\":2,\"name\":\"Legal Notice\"}]},{\"@type\":\"WebSite\",\"@id\":\"https:\/\/eljardindecastillo.com\/#website\",\"url\":\"https:\/\/eljardindecastillo.com\/\",\"name\":\"El Jard\u00edn de Castillo\",\"description\":\"\",\"publisher\":{\"@id\":\"https:\/\/eljardindecastillo.com\/#organization\"},\"potentialAction\":[{\"@type\":\"SearchAction\",\"target\":{\"@type\":\"EntryPoint\",\"urlTemplate\":\"https:\/\/eljardindecastillo.com\/?s={search_term_string}\"},\"query-input\":\"required name=search_term_string\"}],\"inLanguage\":\"en-US\"},{\"@type\":\"Organization\",\"@id\":\"https:\/\/eljardindecastillo.com\/#organization\",\"name\":\"El Jard\u00edn de Castillo\",\"url\":\"https:\/\/eljardindecastillo.com\/\",\"logo\":{\"@type\":\"ImageObject\",\"inLanguage\":\"en-US\",\"@id\":\"https:\/\/eljardindecastillo.com\/#\/schema\/logo\/image\/\",\"url\":\"https:\/\/eljardindecastillo.com\/wp-content\/uploads\/2023\/08\/logo-footer-1.svg\",\"contentUrl\":\"https:\/\/eljardindecastillo.com\/wp-content\/uploads\/2023\/08\/logo-footer-1.svg\",\"width\":\"1024\",\"height\":\"1024\",\"caption\":\"El Jard\u00edn de Castillo\"},\"image\":{\"@id\":\"https:\/\/eljardindecastillo.com\/#\/schema\/logo\/image\/\"},\"sameAs\":[\"https:\/\/www.facebook.com\/\",\"https:\/\/www.instagram.com\/\"]}]}<\/script>\n<!-- \/ Yoast SEO plugin. -->","yoast_head_json":{"title":"Legal Notice - El Jard\u00edn de Castillo","robots":{"index":"index","follow":"follow","max-snippet":"max-snippet:-1","max-image-preview":"max-image-preview:large","max-video-preview":"max-video-preview:-1"},"canonical":"https:\/\/eljardindecastillo.com\/aviso-legal\/","og_locale":"en_US","og_type":"article","og_title":"Legal Notice - El Jard\u00edn de Castillo","og_description":"This Legal Notice establishes the terms and conditions for the use and access to the El Jard\u00edn de Castillo website. By accessing and using our website, you agree to comply with the terms and conditions set forth in this notice. 1. General Information The El Jard\u00edn de Castillo website is owned and operated by Alquiler&hellip;","og_url":"https:\/\/eljardindecastillo.com\/aviso-legal\/","og_site_name":"El Jard\u00edn de Castillo","article_publisher":"https:\/\/www.facebook.com\/","article_modified_time":"2023-08-28T19:51:00+00:00","twitter_card":"summary_large_image","twitter_misc":{"Est. reading time":"2 minutes"},"schema":{"@context":"https:\/\/schema.org","@graph":[{"@type":"WebPage","@id":"https:\/\/eljardindecastillo.com\/aviso-legal\/","url":"https:\/\/eljardindecastillo.com\/aviso-legal\/","name":"Legal Notice - El Jard\u00edn de Castillo","isPartOf":{"@id":"https:\/\/eljardindecastillo.com\/#website"},"datePublished":"2023-08-07T09:40:28+00:00","dateModified":"2023-08-28T19:51:00+00:00","breadcrumb":{"@id":"https:\/\/eljardindecastillo.com\/aviso-legal\/#breadcrumb"},"inLanguage":"en-US","potentialAction":[{"@type":"ReadAction","target":["https:\/\/eljardindecastillo.com\/aviso-legal\/"]}]},{"@type":"BreadcrumbList","@id":"https:\/\/eljardindecastillo.com\/aviso-legal\/#breadcrumb","itemListElement":[{"@type":"ListItem","position":1,"name":"Portada","item":"https:\/\/eljardindecastillo.com\/"},{"@type":"ListItem","position":2,"name":"Legal Notice"}]},{"@type":"WebSite","@id":"https:\/\/eljardindecastillo.com\/#website","url":"https:\/\/eljardindecastillo.com\/","name":"El Jard\u00edn de Castillo","description":"","publisher":{"@id":"https:\/\/eljardindecastillo.com\/#organization"},"potentialAction":[{"@type":"SearchAction","target":{"@type":"EntryPoint","urlTemplate":"https:\/\/eljardindecastillo.com\/?s={search_term_string}"},"query-input":"required name=search_term_string"}],"inLanguage":"en-US"},{"@type":"Organization","@id":"https:\/\/eljardindecastillo.com\/#organization","name":"El Jard\u00edn de Castillo","url":"https:\/\/eljardindecastillo.com\/","logo":{"@type":"ImageObject","inLanguage":"en-US","@id":"https:\/\/eljardindecastillo.com\/#\/schema\/logo\/image\/","url":"https:\/\/eljardindecastillo.com\/wp-content\/uploads\/2023\/08\/logo-footer-1.svg","contentUrl":"https:\/\/eljardindecastillo.com\/wp-content\/uploads\/2023\/08\/logo-footer-1.svg","width":"1024","height":"1024","caption":"El Jard\u00edn de Castillo"},"image":{"@id":"https:\/\/eljardindecastillo.com\/#\/schema\/logo\/image\/"},"sameAs":["https:\/\/www.facebook.com\/","https:\/\/www.instagram.com\/"]}]}},"_links":{"self":[{"href":"https:\/\/eljardindecastillo.com\/en\/wp-json\/wp\/v2\/pages\/819"}],"collection":[{"href":"https:\/\/eljardindecastillo.com\/en\/wp-json\/wp\/v2\/pages"}],"about":[{"href":"https:\/\/eljardindecastillo.com\/en\/wp-json\/wp\/v2\/types\/page"}],"author":[{"embeddable":true,"href":"https:\/\/eljardindecastillo.com\/en\/wp-json\/wp\/v2\/users\/1"}],"replies":[{"embeddable":true,"href":"https:\/\/eljardindecastillo.com\/en\/wp-json\/wp\/v2\/comments?post=819"}],"version-history":[{"count":7,"href":"https:\/\/eljardindecastillo.com\/en\/wp-json\/wp\/v2\/pages\/819\/revisions"}],"predecessor-version":[{"id":1007,"href":"https:\/\/eljardindecastillo.com\/en\/wp-json\/wp\/v2\/pages\/819\/revisions\/1007"}],"wp:attachment":[{"href":"https:\/\/eljardindecastillo.com\/en\/wp-json\/wp\/v2\/media?parent=819"}],"curies":[{"name":"wp","href":"https:\/\/api.w.org\/{rel}","templated":true}]}}