{"id":708,"date":"2023-08-07T11:33:46","date_gmt":"2023-08-07T09:33:46","guid":{"rendered":"https:\/\/eljardindecastillo.com\/el-complejo\/"},"modified":"2023-08-28T22:31:04","modified_gmt":"2023-08-28T20:31:04","slug":"el-complejo","status":"publish","type":"page","link":"https:\/\/eljardindecastillo.com\/en\/el-complejo\/","title":{"rendered":"The Complex"},"content":{"rendered":"\t\t<div data-elementor-type=\"wp-page\" data-elementor-id=\"708\" class=\"elementor elementor-708 elementor-22\" data-elementor-post-type=\"page\">\n\t\t\t\t\t\t\t\t\t<section class=\"elementor-section elementor-top-section elementor-element elementor-element-a795b5f elementor-section-stretched elementor-section-boxed elementor-section-height-default elementor-section-height-default\" data-id=\"a795b5f\" data-element_type=\"section\" data-settings=\"{&quot;stretch_section&quot;:&quot;section-stretched&quot;,&quot;background_background&quot;:&quot;classic&quot;}\">\n\t\t\t\t\t\t<div class=\"elementor-container elementor-column-gap-default\">\n\t\t\t\t\t<div class=\"elementor-column elementor-col-50 elementor-top-column elementor-element elementor-element-f7b7c3b\" data-id=\"f7b7c3b\" data-element_type=\"column\">\n\t\t\t<div class=\"elementor-widget-wrap elementor-element-populated\">\n\t\t\t\t\t\t\t\t<div class=\"elementor-element elementor-element-90ee56f elementor-invisible elementor-widget elementor-widget-heading\" data-id=\"90ee56f\" data-element_type=\"widget\" data-settings=\"{&quot;_animation&quot;:&quot;fadeIn&quot;}\" data-widget_type=\"heading.default\">\n\t\t\t\t<div class=\"elementor-widget-container\">\n\t\t\t<h2 class=\"elementor-heading-title elementor-size-default\">Welcome to<br>\nEl Jard\u00edn de Castillo<\/h2>\t\t<\/div>\n\t\t\t\t<\/div>\n\t\t\t\t<div class=\"elementor-element elementor-element-6eb5d5f elementor-widget__width-initial elementor-widget-tablet__width-inherit animated-slow elementor-invisible elementor-widget elementor-widget-text-editor\" data-id=\"6eb5d5f\" data-element_type=\"widget\" data-settings=\"{&quot;_animation&quot;:&quot;fadeIn&quot;,&quot;_animation_delay&quot;:500}\" data-widget_type=\"text-editor.default\">\n\t\t\t\t<div class=\"elementor-widget-container\">\n\t\t\t\t\t\t\t<p>Welcome to El Jard\u00edn de Castillo, a charming rural accommodation complex located in the idyllic surroundings of <strong>Castillo de Locub\u00edn<\/strong>, in the authentic and lesser-<strong>known Sierra Sur de Ja\u00e9n<\/strong>. Our complex offers you a unique experience in a serene and natural environment.<\/p>\t\t\t\t\t\t<\/div>\n\t\t\t\t<\/div>\n\t\t\t\t\t<\/div>\n\t\t<\/div>\n\t\t\t\t<div class=\"elementor-column elementor-col-50 elementor-top-column elementor-element elementor-element-48b4a35\" data-id=\"48b4a35\" data-element_type=\"column\">\n\t\t\t<div class=\"elementor-widget-wrap elementor-element-populated\">\n\t\t\t\t\t\t\t\t<div class=\"elementor-element elementor-element-9dad95e full-img animated-slow elementor-invisible elementor-widget elementor-widget-image\" data-id=\"9dad95e\" data-element_type=\"widget\" data-settings=\"{&quot;_animation&quot;:&quot;fadeIn&quot;}\" data-widget_type=\"image.default\">\n\t\t\t\t<div class=\"elementor-widget-container\">\n\t\t\t\t\t\t\t\t\t\t\t\t\t\t\t<img fetchpriority=\"high\" decoding=\"async\" width=\"959\" height=\"600\" src=\"https:\/\/eljardindecastillo.com\/wp-content\/uploads\/2023\/08\/foto-el-complejo.jpg\" class=\"attachment-full size-full wp-image-225\" alt=\"\" srcset=\"https:\/\/eljardindecastillo.com\/wp-content\/uploads\/2023\/08\/foto-el-complejo.jpg 959w, https:\/\/eljardindecastillo.com\/wp-content\/uploads\/2023\/08\/foto-el-complejo-300x188.jpg 300w, https:\/\/eljardindecastillo.com\/wp-content\/uploads\/2023\/08\/foto-el-complejo-768x481.jpg 768w\" sizes=\"(max-width: 959px) 100vw, 959px\" \/>\t\t\t\t\t\t\t\t\t\t\t\t\t\t\t<\/div>\n\t\t\t\t<\/div>\n\t\t\t\t\t<\/div>\n\t\t<\/div>\n\t\t\t\t\t\t\t<\/div>\n\t\t<\/section>\n\t\t\t\t<section class=\"elementor-section elementor-top-section elementor-element elementor-element-5f9eca6 animated-slow elementor-section-boxed elementor-section-height-default elementor-section-height-default elementor-invisible\" data-id=\"5f9eca6\" data-element_type=\"section\" data-settings=\"{&quot;animation&quot;:&quot;fadeIn&quot;}\">\n\t\t\t\t\t\t<div class=\"elementor-container elementor-column-gap-default\">\n\t\t\t\t\t<div class=\"elementor-column elementor-col-50 elementor-top-column elementor-element elementor-element-151cc21\" data-id=\"151cc21\" data-element_type=\"column\">\n\t\t\t<div class=\"elementor-widget-wrap elementor-element-populated\">\n\t\t\t\t\t\t\t\t<div class=\"elementor-element elementor-element-a2b1a13 elementor-widget-tablet__width-inherit elementor-widget elementor-widget-text-editor\" data-id=\"a2b1a13\" data-element_type=\"widget\" data-widget_type=\"text-editor.default\">\n\t\t\t\t<div class=\"elementor-widget-container\">\n\t\t\t\t\t\t\t<p>With a total of <strong>12 exquisitely designed apartments<\/strong>, each equipped with a living room with a kitchen, a cozy bedroom, and a private bathroom, we guarantee a comfortable and relaxing stay. Our common lounges are perfect for socializing and enjoying special moments with other guests, as well as for remote work with our fiber internet connection.<\/p><p>\u00a0<\/p><p>At El Jard\u00edn de Castillo, we strive to promote well-being and personal development. Immerse yourself in the <strong>slow life<\/strong> and experience a paced and harmonious lifestyle with nature. Our garden, with its fruit trees, small orchard, and refreshing swimming pool, invites you to enjoy moments of tranquility and serenity. Additionally, you can delight in the breathtaking <strong>panoramic views<\/strong> of the mountains from our solarium-observatory.<\/p>\t\t\t\t\t\t<\/div>\n\t\t\t\t<\/div>\n\t\t\t\t\t<\/div>\n\t\t<\/div>\n\t\t\t\t<div class=\"elementor-column elementor-col-50 elementor-top-column elementor-element elementor-element-a9226e7\" data-id=\"a9226e7\" data-element_type=\"column\">\n\t\t\t<div class=\"elementor-widget-wrap elementor-element-populated\">\n\t\t\t\t\t\t\t\t<div class=\"elementor-element elementor-element-4b8cc67 elementor-widget-tablet__width-inherit elementor-widget elementor-widget-text-editor\" data-id=\"4b8cc67\" data-element_type=\"widget\" data-widget_type=\"text-editor.default\">\n\t\t\t\t<div class=\"elementor-widget-container\">\n\t\t\t\t\t\t\t<p>We take pride in offering a space where <strong>calmness, healthy living, and social innovation come together.<\/strong> Here, you will find the perfect balance between modern comfort and a connection with nature. Whether you are seeking a peaceful retreat, exploring the beautiful natural landscapes of the region, or simply enjoying a well-deserved rest, El Jard\u00edn de Castillo is the ideal place for you.<\/p><p>Let yourself be enchanted by the magic of our complex and discover a cozy retreat that invites you to disconnect from the urban hustle and reconnect with yourself. <strong>We look forward to welcoming you to El Jard\u00edn de Castillo, where harmony and peace can be found in every corner!<\/strong><\/p>\t\t\t\t\t\t<\/div>\n\t\t\t\t<\/div>\n\t\t\t\t\t<\/div>\n\t\t<\/div>\n\t\t\t\t\t\t\t<\/div>\n\t\t<\/section>\n\t\t\t\t<section class=\"elementor-section elementor-top-section elementor-element elementor-element-6fc2227 elementor-section-boxed elementor-section-height-default elementor-section-height-default\" data-id=\"6fc2227\" data-element_type=\"section\">\n\t\t\t\t\t\t<div class=\"elementor-container elementor-column-gap-default\">\n\t\t\t\t\t<div class=\"elementor-column elementor-col-100 elementor-top-column elementor-element elementor-element-28990ea\" data-id=\"28990ea\" data-element_type=\"column\">\n\t\t\t<div class=\"elementor-widget-wrap elementor-element-populated\">\n\t\t\t\t\t\t\t\t<div class=\"elementor-element elementor-element-ff9d046 elementor-invisible elementor-widget elementor-widget-heading\" data-id=\"ff9d046\" data-element_type=\"widget\" data-settings=\"{&quot;_animation&quot;:&quot;fadeIn&quot;}\" data-widget_type=\"heading.default\">\n\t\t\t\t<div class=\"elementor-widget-container\">\n\t\t\t<h2 class=\"elementor-heading-title elementor-size-default\">Our services and common areas include:<\/h2>\t\t<\/div>\n\t\t\t\t<\/div>\n\t\t\t\t<div class=\"elementor-element elementor-element-02d96bb animated-slow elementor-invisible elementor-widget elementor-widget-text-editor\" data-id=\"02d96bb\" data-element_type=\"widget\" data-settings=\"{&quot;_animation&quot;:&quot;fadeIn&quot;}\" data-widget_type=\"text-editor.default\">\n\t\t\t\t<div class=\"elementor-widget-container\">\n\t\t\t\t\t\t\t<p><strong>Garden<\/strong><br \/>Our garden is a peaceful place with fruit trees, flowers, and a small organic orchard where guests can relax and enjoy nature.<\/p><p><strong>Pool<\/strong><br \/>We have a small outdoor pool, perfect for enjoying the sound of water and cooling off on hot days.<\/p><p><strong>Common Lounge<\/strong><br \/>Our lounge is a cozy space where guests can socialize, relax, and enjoy special moments. It is a versatile area designed for both conversation and enjoyment with other guests, as well as for organizing and hosting presentations, workshops, and events.<\/p><p><strong>Remote Work Space<\/strong><br \/>One of our lounges features a small area designed for guests to comfortably work remotely in a calm and relaxing environment.<\/p><p><strong>Terrace<\/strong><br \/>Our terrace offers stunning panoramic views of the surrounding area, where guests can enjoy tranquility and the beauty of the surroundings.<\/p><p><strong>Laundry Service<\/strong><br \/>We provide professional laundry service for the convenience of our guests.<\/p><p>\u00a0<\/p>\t\t\t\t\t\t<\/div>\n\t\t\t\t<\/div>\n\t\t\t\t\t<\/div>\n\t\t<\/div>\n\t\t\t\t\t\t\t<\/div>\n\t\t<\/section>\n\t\t\t\t<section class=\"elementor-section elementor-top-section elementor-element elementor-element-a8ae6bb elementor-section-full_width elementor-section-stretched elementor-section-height-default elementor-section-height-default\" data-id=\"a8ae6bb\" data-element_type=\"section\" data-settings=\"{&quot;stretch_section&quot;:&quot;section-stretched&quot;}\">\n\t\t\t\t\t\t<div class=\"elementor-container elementor-column-gap-default\">\n\t\t\t\t\t<div class=\"elementor-column elementor-col-100 elementor-top-column elementor-element elementor-element-ab94c21\" data-id=\"ab94c21\" data-element_type=\"column\">\n\t\t\t<div class=\"elementor-widget-wrap elementor-element-populated\">\n\t\t\t\t\t\t\t\t<div class=\"elementor-element elementor-element-ba44a24 elementor-widget elementor-widget-gallery\" data-id=\"ba44a24\" data-element_type=\"widget\" data-settings=\"{&quot;gap&quot;:{&quot;unit&quot;:&quot;px&quot;,&quot;size&quot;:0,&quot;sizes&quot;:[]},&quot;aspect_ratio&quot;:&quot;1:1&quot;,&quot;gap_tablet&quot;:{&quot;unit&quot;:&quot;px&quot;,&quot;size&quot;:0,&quot;sizes&quot;:[]},&quot;gap_mobile&quot;:{&quot;unit&quot;:&quot;px&quot;,&quot;size&quot;:0,&quot;sizes&quot;:[]},&quot;lazyload&quot;:&quot;yes&quot;,&quot;gallery_layout&quot;:&quot;grid&quot;,&quot;columns&quot;:4,&quot;columns_tablet&quot;:2,&quot;columns_mobile&quot;:1,&quot;link_to&quot;:&quot;file&quot;,&quot;overlay_background&quot;:&quot;yes&quot;,&quot;content_hover_animation&quot;:&quot;fade-in&quot;}\" data-widget_type=\"gallery.default\">\n\t\t\t\t<div class=\"elementor-widget-container\">\n\t\t\t\t\t<div class=\"elementor-gallery__container\">\n\t\t\t\t\t\t\t<a class=\"e-gallery-item elementor-gallery-item elementor-animated-content\" href=\"https:\/\/eljardindecastillo.com\/wp-content\/uploads\/2023\/08\/galeria-1.jpg\" data-elementor-open-lightbox=\"yes\" data-elementor-lightbox-slideshow=\"ba44a24\" data-elementor-lightbox-title=\"galeria-1\" data-e-action-hash=\"#elementor-action%3Aaction%3Dlightbox%26settings%3DeyJpZCI6MTk5LCJ1cmwiOiJodHRwczpcL1wvZWxqYXJkaW5kZWNhc3RpbGxvLmNvbVwvd3AtY29udGVudFwvdXBsb2Fkc1wvMjAyM1wvMDhcL2dhbGVyaWEtMS5qcGciLCJzbGlkZXNob3ciOiJiYTQ0YTI0In0%3D\">\n\t\t\t\t\t<div class=\"e-gallery-image elementor-gallery-item__image\" data-thumbnail=\"https:\/\/eljardindecastillo.com\/wp-content\/uploads\/2023\/08\/galeria-1.jpg\" data-width=\"670\" data-height=\"586\" aria-label=\"\" role=\"img\" ><\/div>\n\t\t\t\t\t\t\t\t\t\t\t<div class=\"elementor-gallery-item__overlay\"><\/div>\n\t\t\t\t\t\t\t\t\t\t\t\t\t\t<\/a>\n\t\t\t\t\t\t\t<a class=\"e-gallery-item elementor-gallery-item elementor-animated-content\" href=\"https:\/\/eljardindecastillo.com\/wp-content\/uploads\/2023\/08\/galeria-2.jpg\" data-elementor-open-lightbox=\"yes\" data-elementor-lightbox-slideshow=\"ba44a24\" data-elementor-lightbox-title=\"Monta\u00f1ista subido en un pico de monta\u00f1a observando un paisaje\" data-elementor-lightbox-description=\"Monta\u00f1ista subido en un pico de monta\u00f1a observando un paisaje\" data-e-action-hash=\"#elementor-action%3Aaction%3Dlightbox%26settings%3DeyJpZCI6MjAxLCJ1cmwiOiJodHRwczpcL1wvZWxqYXJkaW5kZWNhc3RpbGxvLmNvbVwvd3AtY29udGVudFwvdXBsb2Fkc1wvMjAyM1wvMDhcL2dhbGVyaWEtMi5qcGciLCJzbGlkZXNob3ciOiJiYTQ0YTI0In0%3D\">\n\t\t\t\t\t<div class=\"e-gallery-image elementor-gallery-item__image\" data-thumbnail=\"https:\/\/eljardindecastillo.com\/wp-content\/uploads\/2023\/08\/galeria-2.jpg\" data-width=\"670\" data-height=\"586\" aria-label=\"Monta\u00f1ista subido en un pico de monta\u00f1a observando un paisaje\" role=\"img\" ><\/div>\n\t\t\t\t\t\t\t\t\t\t\t<div class=\"elementor-gallery-item__overlay\"><\/div>\n\t\t\t\t\t\t\t\t\t\t\t\t\t\t<\/a>\n\t\t\t\t\t\t\t<a class=\"e-gallery-item elementor-gallery-item elementor-animated-content\" href=\"https:\/\/eljardindecastillo.com\/wp-content\/uploads\/2023\/08\/galeria-3.jpg\" data-elementor-open-lightbox=\"yes\" data-elementor-lightbox-slideshow=\"ba44a24\" data-elementor-lightbox-title=\"Paisaje del pueblo de Castillo de Locub\u00edn desde la zona alta\" data-elementor-lightbox-description=\"Paisaje del pueblo de Castillo de Locub\u00edn desde la zona alta\" data-e-action-hash=\"#elementor-action%3Aaction%3Dlightbox%26settings%3DeyJpZCI6MjAzLCJ1cmwiOiJodHRwczpcL1wvZWxqYXJkaW5kZWNhc3RpbGxvLmNvbVwvd3AtY29udGVudFwvdXBsb2Fkc1wvMjAyM1wvMDhcL2dhbGVyaWEtMy5qcGciLCJzbGlkZXNob3ciOiJiYTQ0YTI0In0%3D\">\n\t\t\t\t\t<div class=\"e-gallery-image elementor-gallery-item__image\" data-thumbnail=\"https:\/\/eljardindecastillo.com\/wp-content\/uploads\/2023\/08\/galeria-3.jpg\" data-width=\"670\" data-height=\"586\" aria-label=\"Paisaje del pueblo de Castillo de Locub\u00edn desde la zona alta\" role=\"img\" ><\/div>\n\t\t\t\t\t\t\t\t\t\t\t<div class=\"elementor-gallery-item__overlay\"><\/div>\n\t\t\t\t\t\t\t\t\t\t\t\t\t\t<\/a>\n\t\t\t\t\t\t\t<a class=\"e-gallery-item elementor-gallery-item elementor-animated-content\" href=\"https:\/\/eljardindecastillo.com\/wp-content\/uploads\/2023\/08\/galeria-4.jpg\" data-elementor-open-lightbox=\"yes\" data-elementor-lightbox-slideshow=\"ba44a24\" data-elementor-lightbox-title=\"Fotograf\u00eda de una muralla antigua con una puerta en forma de arco y arboles\" data-elementor-lightbox-description=\"Fotograf\u00eda de una muralla antigua con una puerta en forma de arco y arboles \" data-e-action-hash=\"#elementor-action%3Aaction%3Dlightbox%26settings%3DeyJpZCI6MjA1LCJ1cmwiOiJodHRwczpcL1wvZWxqYXJkaW5kZWNhc3RpbGxvLmNvbVwvd3AtY29udGVudFwvdXBsb2Fkc1wvMjAyM1wvMDhcL2dhbGVyaWEtNC5qcGciLCJzbGlkZXNob3ciOiJiYTQ0YTI0In0%3D\">\n\t\t\t\t\t<div class=\"e-gallery-image elementor-gallery-item__image\" data-thumbnail=\"https:\/\/eljardindecastillo.com\/wp-content\/uploads\/2023\/08\/galeria-4.jpg\" data-width=\"670\" data-height=\"586\" aria-label=\"Fotograf\u00eda de una muralla antigua con una puerta en forma de arco y arboles\" role=\"img\" ><\/div>\n\t\t\t\t\t\t\t\t\t\t\t<div class=\"elementor-gallery-item__overlay\"><\/div>\n\t\t\t\t\t\t\t\t\t\t\t\t\t\t<\/a>\n\t\t\t\t\t<\/div>\n\t\t\t<\/div>\n\t\t\t\t<\/div>\n\t\t\t\t<div class=\"elementor-element elementor-element-7cf3c5d elementor-align-center animated-slow elementor-invisible elementor-widget elementor-widget-the7_button_widget\" data-id=\"7cf3c5d\" data-element_type=\"widget\" data-settings=\"{&quot;_animation&quot;:&quot;fadeIn&quot;}\" data-widget_type=\"the7_button_widget.default\">\n\t\t\t\t<div class=\"elementor-widget-container\">\n\t\t\t<div class=\"elementor-button-wrapper\"><a href=\"\/en\/the-accommodations\/\" class=\"box-button elementor-button elementor-size-lg\">Accommodations<\/a><\/div>\t\t<\/div>\n\t\t\t\t<\/div>\n\t\t\t\t\t<\/div>\n\t\t<\/div>\n\t\t\t\t\t\t\t<\/div>\n\t\t<\/section>\n\t\t\t\t\t\t\t<\/div>\n\t\t","protected":false},"excerpt":{"rendered":"<p>Welcome to El Jard\u00edn de Castillo Welcome to El Jard\u00edn de Castillo, a charming rural accommodation complex located in the idyllic surroundings of Castillo de Locub\u00edn, in the authentic and lesser-known Sierra Sur de Ja\u00e9n. Our complex offers you a unique experience in a serene and natural environment. With a total of 12 exquisitely designed&hellip;<\/p>\n","protected":false},"author":1,"featured_media":0,"parent":0,"menu_order":0,"comment_status":"closed","ping_status":"closed","template":"","meta":{"inline_featured_image":false,"footnotes":""},"yoast_head":"<!-- This site is optimized with the Yoast SEO plugin v21.7 - https:\/\/yoast.com\/wordpress\/plugins\/seo\/ -->\n<title>The Complex - El Jard\u00edn de Castillo<\/title>\n<meta name=\"robots\" content=\"index, follow, max-snippet:-1, max-image-preview:large, max-video-preview:-1\" \/>\n<link rel=\"canonical\" href=\"https:\/\/eljardindecastillo.com\/el-complejo\/\" \/>\n<meta property=\"og:locale\" content=\"en_US\" \/>\n<meta property=\"og:type\" content=\"article\" \/>\n<meta property=\"og:title\" content=\"The Complex - El Jard\u00edn de Castillo\" \/>\n<meta property=\"og:description\" content=\"Welcome to El Jard\u00edn de Castillo Welcome to El Jard\u00edn de Castillo, a charming rural accommodation complex located in the idyllic surroundings of Castillo de Locub\u00edn, in the authentic and lesser-known Sierra Sur de Ja\u00e9n. Our complex offers you a unique experience in a serene and natural environment. With a total of 12 exquisitely designed&hellip;\" \/>\n<meta property=\"og:url\" content=\"https:\/\/eljardindecastillo.com\/el-complejo\/\" \/>\n<meta property=\"og:site_name\" content=\"El Jard\u00edn de Castillo\" \/>\n<meta property=\"article:publisher\" content=\"https:\/\/www.facebook.com\/\" \/>\n<meta property=\"article:modified_time\" content=\"2023-08-28T20:31:04+00:00\" \/>\n<meta property=\"og:image\" content=\"https:\/\/eljardindecastillo.com\/wp-content\/uploads\/2023\/08\/foto-el-complejo.jpg\" \/>\n<meta name=\"twitter:card\" content=\"summary_large_image\" \/>\n<meta name=\"twitter:label1\" content=\"Est. reading time\" \/>\n\t<meta name=\"twitter:data1\" content=\"3 minutes\" \/>\n<script type=\"application\/ld+json\" class=\"yoast-schema-graph\">{\"@context\":\"https:\/\/schema.org\",\"@graph\":[{\"@type\":\"WebPage\",\"@id\":\"https:\/\/eljardindecastillo.com\/el-complejo\/\",\"url\":\"https:\/\/eljardindecastillo.com\/el-complejo\/\",\"name\":\"The Complex - El Jard\u00edn de Castillo\",\"isPartOf\":{\"@id\":\"https:\/\/eljardindecastillo.com\/#website\"},\"datePublished\":\"2023-08-07T09:33:46+00:00\",\"dateModified\":\"2023-08-28T20:31:04+00:00\",\"breadcrumb\":{\"@id\":\"https:\/\/eljardindecastillo.com\/el-complejo\/#breadcrumb\"},\"inLanguage\":\"en-US\",\"potentialAction\":[{\"@type\":\"ReadAction\",\"target\":[\"https:\/\/eljardindecastillo.com\/el-complejo\/\"]}]},{\"@type\":\"BreadcrumbList\",\"@id\":\"https:\/\/eljardindecastillo.com\/el-complejo\/#breadcrumb\",\"itemListElement\":[{\"@type\":\"ListItem\",\"position\":1,\"name\":\"Portada\",\"item\":\"https:\/\/eljardindecastillo.com\/\"},{\"@type\":\"ListItem\",\"position\":2,\"name\":\"The Complex\"}]},{\"@type\":\"WebSite\",\"@id\":\"https:\/\/eljardindecastillo.com\/#website\",\"url\":\"https:\/\/eljardindecastillo.com\/\",\"name\":\"El Jard\u00edn de Castillo\",\"description\":\"\",\"publisher\":{\"@id\":\"https:\/\/eljardindecastillo.com\/#organization\"},\"potentialAction\":[{\"@type\":\"SearchAction\",\"target\":{\"@type\":\"EntryPoint\",\"urlTemplate\":\"https:\/\/eljardindecastillo.com\/?s={search_term_string}\"},\"query-input\":\"required name=search_term_string\"}],\"inLanguage\":\"en-US\"},{\"@type\":\"Organization\",\"@id\":\"https:\/\/eljardindecastillo.com\/#organization\",\"name\":\"El Jard\u00edn de Castillo\",\"url\":\"https:\/\/eljardindecastillo.com\/\",\"logo\":{\"@type\":\"ImageObject\",\"inLanguage\":\"en-US\",\"@id\":\"https:\/\/eljardindecastillo.com\/#\/schema\/logo\/image\/\",\"url\":\"https:\/\/eljardindecastillo.com\/wp-content\/uploads\/2023\/08\/logo-footer-1.svg\",\"contentUrl\":\"https:\/\/eljardindecastillo.com\/wp-content\/uploads\/2023\/08\/logo-footer-1.svg\",\"width\":\"1024\",\"height\":\"1024\",\"caption\":\"El Jard\u00edn de Castillo\"},\"image\":{\"@id\":\"https:\/\/eljardindecastillo.com\/#\/schema\/logo\/image\/\"},\"sameAs\":[\"https:\/\/www.facebook.com\/\",\"https:\/\/www.instagram.com\/\"]}]}<\/script>\n<!-- \/ Yoast SEO plugin. -->","yoast_head_json":{"title":"The Complex - El Jard\u00edn de Castillo","robots":{"index":"index","follow":"follow","max-snippet":"max-snippet:-1","max-image-preview":"max-image-preview:large","max-video-preview":"max-video-preview:-1"},"canonical":"https:\/\/eljardindecastillo.com\/el-complejo\/","og_locale":"en_US","og_type":"article","og_title":"The Complex - El Jard\u00edn de Castillo","og_description":"Welcome to El Jard\u00edn de Castillo Welcome to El Jard\u00edn de Castillo, a charming rural accommodation complex located in the idyllic surroundings of Castillo de Locub\u00edn, in the authentic and lesser-known Sierra Sur de Ja\u00e9n. Our complex offers you a unique experience in a serene and natural environment. With a total of 12 exquisitely designed&hellip;","og_url":"https:\/\/eljardindecastillo.com\/el-complejo\/","og_site_name":"El Jard\u00edn de Castillo","article_publisher":"https:\/\/www.facebook.com\/","article_modified_time":"2023-08-28T20:31:04+00:00","og_image":[{"url":"https:\/\/eljardindecastillo.com\/wp-content\/uploads\/2023\/08\/foto-el-complejo.jpg"}],"twitter_card":"summary_large_image","twitter_misc":{"Est. reading time":"3 minutes"},"schema":{"@context":"https:\/\/schema.org","@graph":[{"@type":"WebPage","@id":"https:\/\/eljardindecastillo.com\/el-complejo\/","url":"https:\/\/eljardindecastillo.com\/el-complejo\/","name":"The Complex - El Jard\u00edn de Castillo","isPartOf":{"@id":"https:\/\/eljardindecastillo.com\/#website"},"datePublished":"2023-08-07T09:33:46+00:00","dateModified":"2023-08-28T20:31:04+00:00","breadcrumb":{"@id":"https:\/\/eljardindecastillo.com\/el-complejo\/#breadcrumb"},"inLanguage":"en-US","potentialAction":[{"@type":"ReadAction","target":["https:\/\/eljardindecastillo.com\/el-complejo\/"]}]},{"@type":"BreadcrumbList","@id":"https:\/\/eljardindecastillo.com\/el-complejo\/#breadcrumb","itemListElement":[{"@type":"ListItem","position":1,"name":"Portada","item":"https:\/\/eljardindecastillo.com\/"},{"@type":"ListItem","position":2,"name":"The Complex"}]},{"@type":"WebSite","@id":"https:\/\/eljardindecastillo.com\/#website","url":"https:\/\/eljardindecastillo.com\/","name":"El Jard\u00edn de Castillo","description":"","publisher":{"@id":"https:\/\/eljardindecastillo.com\/#organization"},"potentialAction":[{"@type":"SearchAction","target":{"@type":"EntryPoint","urlTemplate":"https:\/\/eljardindecastillo.com\/?s={search_term_string}"},"query-input":"required name=search_term_string"}],"inLanguage":"en-US"},{"@type":"Organization","@id":"https:\/\/eljardindecastillo.com\/#organization","name":"El Jard\u00edn de Castillo","url":"https:\/\/eljardindecastillo.com\/","logo":{"@type":"ImageObject","inLanguage":"en-US","@id":"https:\/\/eljardindecastillo.com\/#\/schema\/logo\/image\/","url":"https:\/\/eljardindecastillo.com\/wp-content\/uploads\/2023\/08\/logo-footer-1.svg","contentUrl":"https:\/\/eljardindecastillo.com\/wp-content\/uploads\/2023\/08\/logo-footer-1.svg","width":"1024","height":"1024","caption":"El Jard\u00edn de Castillo"},"image":{"@id":"https:\/\/eljardindecastillo.com\/#\/schema\/logo\/image\/"},"sameAs":["https:\/\/www.facebook.com\/","https:\/\/www.instagram.com\/"]}]}},"_links":{"self":[{"href":"https:\/\/eljardindecastillo.com\/en\/wp-json\/wp\/v2\/pages\/708"}],"collection":[{"href":"https:\/\/eljardindecastillo.com\/en\/wp-json\/wp\/v2\/pages"}],"about":[{"href":"https:\/\/eljardindecastillo.com\/en\/wp-json\/wp\/v2\/types\/page"}],"author":[{"embeddable":true,"href":"https:\/\/eljardindecastillo.com\/en\/wp-json\/wp\/v2\/users\/1"}],"replies":[{"embeddable":true,"href":"https:\/\/eljardindecastillo.com\/en\/wp-json\/wp\/v2\/comments?post=708"}],"version-history":[{"count":33,"href":"https:\/\/eljardindecastillo.com\/en\/wp-json\/wp\/v2\/pages\/708\/revisions"}],"predecessor-version":[{"id":1048,"href":"https:\/\/eljardindecastillo.com\/en\/wp-json\/wp\/v2\/pages\/708\/revisions\/1048"}],"wp:attachment":[{"href":"https:\/\/eljardindecastillo.com\/en\/wp-json\/wp\/v2\/media?parent=708"}],"curies":[{"name":"wp","href":"https:\/\/api.w.org\/{rel}","templated":true}]}}